{"id":3977,"date":"2024-06-11T13:50:08","date_gmt":"2024-06-11T18:50:08","guid":{"rendered":"https:\/\/dencanta.jandatix.com\/home\/?post_type=product&#038;p=3977"},"modified":"2024-06-28T07:14:03","modified_gmt":"2024-06-28T12:14:03","slug":"sala-reclinable-correa","status":"publish","type":"product","link":"https:\/\/dencanta.jandatix.com\/home\/producto\/sala-reclinable-correa\/","title":{"rendered":"SALA RECLINABLE CORREA"},"content":{"rendered":"<p>Sala tipo L de 3 m\u00f3dulos com cabeceros reclinables, 6 cojines, 1 puf y mesa de centro.<\/p>\n<p>Garant\u00eda: 2 a\u00f1os en madera por polilla, 1 a\u00f1o en desajuste, costura y espuma.<\/p>\n<p>AL COMPRAR TIENE LA OPCION POR SISTECREDITO\u00a0 Y BRILLA PROCESO DE COMPRA 3226585049.<\/p>\n<p>SI DESEAS VISITAR PUNTO DE VENTA FISICO POR FAVOR ESCRIBIR AL WHATSAPP 3226585049.<\/p>\n<p>P\u00e1gina web: <a href=\"http:\/\/www.dencanta.jandatix.com\">www.dencanta.jandatix.com<\/a><\/p>\n<p>&nbsp;<\/p>\n","protected":false},"excerpt":{"rendered":"<p>Sala tipo L de 3 m\u00f3dulos com cabeceros reclinables, 6 cojines, 1 puf y mesa de centro. Garant\u00eda: 2 a\u00f1os en madera por polilla, 1 a\u00f1o en desajuste, costura y espuma. AL COMPRAR TIENE LA OPCION POR SISTECREDITO\u00a0 Y BRILLA PROCESO DE COMPRA 3226585049. SI DESEAS VISITAR PUNTO DE VENTA FISICO POR FAVOR ESCRIBIR AL &hellip;<\/p>\n<p class=\"read-more\"> <a class=\"\" href=\"https:\/\/dencanta.jandatix.com\/home\/producto\/sala-reclinable-correa\/\"> <span class=\"screen-reader-text\">SALA RECLINABLE CORREA<\/span> Leer m\u00e1s &raquo;<\/a><\/p>\n","protected":false},"featured_media":3978,"comment_status":"open","ping_status":"closed","template":"","meta":{"_uag_custom_page_level_css":"","site-sidebar-layout":"default","site-content-layout":"default","ast-global-header-display":"","ast-main-header-display":"","ast-hfb-above-header-display":"","ast-hfb-below-header-display":"","ast-hfb-mobile-header-display":"","site-post-title":"","ast-breadcrumbs-content":"","ast-featured-img":"","footer-sml-layout":"","theme-transparent-header-meta":"default","adv-header-id-meta":"","stick-header-meta":"","header-above-stick-meta":"","header-main-stick-meta":"","header-below-stick-meta":""},"product_brand":[],"product_cat":[18,33],"product_tag":[],"class_list":{"0":"post-3977","1":"product","2":"type-product","3":"status-publish","4":"has-post-thumbnail","6":"product_cat-muebles-sala","7":"product_cat-juego-sala","8":"desktop-align-center","9":"tablet-align-left","10":"mobile-align-left","12":"first","13":"instock","14":"shipping-taxable","15":"purchasable","16":"product-type-simple"},"uagb_featured_image_src":{"full":["https:\/\/dencanta.jandatix.com\/wp-content\/uploads\/2024\/06\/Sala-reclinable-correa.png",629,388,false],"thumbnail":["https:\/\/dencanta.jandatix.com\/wp-content\/uploads\/2024\/06\/Sala-reclinable-correa-150x150.png",150,150,true],"medium":["https:\/\/dencanta.jandatix.com\/wp-content\/uploads\/2024\/06\/Sala-reclinable-correa-300x185.png",300,185,true],"medium_large":["https:\/\/dencanta.jandatix.com\/wp-content\/uploads\/2024\/06\/Sala-reclinable-correa.png",629,388,false],"large":["https:\/\/dencanta.jandatix.com\/wp-content\/uploads\/2024\/06\/Sala-reclinable-correa.png",629,388,false],"1536x1536":["https:\/\/dencanta.jandatix.com\/wp-content\/uploads\/2024\/06\/Sala-reclinable-correa.png",629,388,false],"2048x2048":["https:\/\/dencanta.jandatix.com\/wp-content\/uploads\/2024\/06\/Sala-reclinable-correa.png",629,388,false],"woocommerce_thumbnail":["https:\/\/dencanta.jandatix.com\/wp-content\/uploads\/2024\/06\/Sala-reclinable-correa-300x300.png",300,300,true],"woocommerce_single":["https:\/\/dencanta.jandatix.com\/wp-content\/uploads\/2024\/06\/Sala-reclinable-correa-600x370.png",600,370,true],"woocommerce_gallery_thumbnail":["https:\/\/dencanta.jandatix.com\/wp-content\/uploads\/2024\/06\/Sala-reclinable-correa-100x100.png",100,100,true],"dgwt-wcas-product-suggestion":["https:\/\/dencanta.jandatix.com\/wp-content\/uploads\/2024\/06\/Sala-reclinable-correa-64x39.png",64,39,true]},"uagb_author_info":{"display_name":"JennyMi","author_link":"https:\/\/dencanta.jandatix.com\/home\/author\/"},"uagb_comment_info":0,"uagb_excerpt":"Sala tipo L de 3 m\u00f3dulos com cabeceros reclinables, 6 cojines, 1 puf y mesa de centro. Garant\u00eda: 2 a\u00f1os en madera por polilla, 1 a\u00f1o en desajuste, costura y espuma. AL COMPRAR TIENE LA OPCION POR SISTECREDITO\u00a0 Y BRILLA PROCESO DE COMPRA 3226585049. SI DESEAS VISITAR PUNTO DE VENTA FISICO POR FAVOR ESCRIBIR AL&hellip;","_links":{"self":[{"href":"https:\/\/dencanta.jandatix.com\/home\/wp-json\/wp\/v2\/product\/3977","targetHints":{"allow":["GET"]}}],"collection":[{"href":"https:\/\/dencanta.jandatix.com\/home\/wp-json\/wp\/v2\/product"}],"about":[{"href":"https:\/\/dencanta.jandatix.com\/home\/wp-json\/wp\/v2\/types\/product"}],"replies":[{"embeddable":true,"href":"https:\/\/dencanta.jandatix.com\/home\/wp-json\/wp\/v2\/comments?post=3977"}],"wp:featuredmedia":[{"embeddable":true,"href":"https:\/\/dencanta.jandatix.com\/home\/wp-json\/wp\/v2\/media\/3978"}],"wp:attachment":[{"href":"https:\/\/dencanta.jandatix.com\/home\/wp-json\/wp\/v2\/media?parent=3977"}],"wp:term":[{"taxonomy":"product_brand","embeddable":true,"href":"https:\/\/dencanta.jandatix.com\/home\/wp-json\/wp\/v2\/product_brand?post=3977"},{"taxonomy":"product_cat","embeddable":true,"href":"https:\/\/dencanta.jandatix.com\/home\/wp-json\/wp\/v2\/product_cat?post=3977"},{"taxonomy":"product_tag","embeddable":true,"href":"https:\/\/dencanta.jandatix.com\/home\/wp-json\/wp\/v2\/product_tag?post=3977"}],"curies":[{"name":"wp","href":"https:\/\/api.w.org\/{rel}","templated":true}]}}