{"id":3973,"date":"2024-06-11T13:33:45","date_gmt":"2024-06-11T18:33:45","guid":{"rendered":"https:\/\/dencanta.jandatix.com\/home\/?post_type=product&#038;p=3973"},"modified":"2024-06-28T07:20:20","modified_gmt":"2024-06-28T12:20:20","slug":"comedor-princesa-fenix","status":"publish","type":"product","link":"https:\/\/dencanta.jandatix.com\/home\/producto\/comedor-princesa-fenix\/","title":{"rendered":"COMEDOR PRINCESA F\u00c9NIX"},"content":{"rendered":"<p>Comedor 6 puestos en cedro, vidrio de 160 x 90 x 10ml.<\/p>\n<p>Garant\u00eda: 3 a\u00f1os en madera por polilla, 1 a\u00f1o en dilataci\u00f3n y desajuste en la madera, costuras y espuma.<\/p>\n<p>AL COMPRAR TIENE LA OPCION POR SISTECREDITO\u00a0 Y BRILLA PROCESO DE COMPRA 3226585049.<\/p>\n<p>SI DESEAS VISITAR PUNTO DE VENTA FISICO POR FAVOR ESCRIBIR AL WHATSAPP 3226585049.<\/p>\n<p>P\u00e1gima web: <a href=\"http:\/\/www.dencanta.jandatix.com\">www.dencanta.jandatix.com<\/a><\/p>\n","protected":false},"excerpt":{"rendered":"<p>Comedor 6 puestos en cedro, vidrio de 160 x 90 x 10ml. Garant\u00eda: 3 a\u00f1os en madera por polilla, 1 a\u00f1o en dilataci\u00f3n y desajuste en la madera, costuras y espuma. AL COMPRAR TIENE LA OPCION POR SISTECREDITO\u00a0 Y BRILLA PROCESO DE COMPRA 3226585049. SI DESEAS VISITAR PUNTO DE VENTA FISICO POR FAVOR ESCRIBIR AL &hellip;<\/p>\n<p class=\"read-more\"> <a class=\"\" href=\"https:\/\/dencanta.jandatix.com\/home\/producto\/comedor-princesa-fenix\/\"> <span class=\"screen-reader-text\">COMEDOR PRINCESA F\u00c9NIX<\/span> Leer m\u00e1s &raquo;<\/a><\/p>\n","protected":false},"featured_media":3974,"comment_status":"open","ping_status":"closed","template":"","meta":{"_uag_custom_page_level_css":"","site-sidebar-layout":"default","site-content-layout":"default","ast-global-header-display":"","ast-main-header-display":"","ast-hfb-above-header-display":"","ast-hfb-below-header-display":"","ast-hfb-mobile-header-display":"","site-post-title":"","ast-breadcrumbs-content":"","ast-featured-img":"","footer-sml-layout":"","theme-transparent-header-meta":"default","adv-header-id-meta":"","stick-header-meta":"","header-above-stick-meta":"","header-main-stick-meta":"","header-below-stick-meta":""},"product_brand":[],"product_cat":[18,34],"product_tag":[],"class_list":{"0":"post-3973","1":"product","2":"type-product","3":"status-publish","4":"has-post-thumbnail","6":"product_cat-muebles-sala","7":"product_cat-comedor","8":"desktop-align-center","9":"tablet-align-left","10":"mobile-align-left","12":"first","13":"instock","14":"shipping-taxable","15":"purchasable","16":"product-type-simple"},"uagb_featured_image_src":{"full":["https:\/\/dencanta.jandatix.com\/wp-content\/uploads\/2024\/06\/Comedor-princesa-Fenix.png",623,385,false],"thumbnail":["https:\/\/dencanta.jandatix.com\/wp-content\/uploads\/2024\/06\/Comedor-princesa-Fenix-150x150.png",150,150,true],"medium":["https:\/\/dencanta.jandatix.com\/wp-content\/uploads\/2024\/06\/Comedor-princesa-Fenix-300x185.png",300,185,true],"medium_large":["https:\/\/dencanta.jandatix.com\/wp-content\/uploads\/2024\/06\/Comedor-princesa-Fenix.png",623,385,false],"large":["https:\/\/dencanta.jandatix.com\/wp-content\/uploads\/2024\/06\/Comedor-princesa-Fenix.png",623,385,false],"1536x1536":["https:\/\/dencanta.jandatix.com\/wp-content\/uploads\/2024\/06\/Comedor-princesa-Fenix.png",623,385,false],"2048x2048":["https:\/\/dencanta.jandatix.com\/wp-content\/uploads\/2024\/06\/Comedor-princesa-Fenix.png",623,385,false],"woocommerce_thumbnail":["https:\/\/dencanta.jandatix.com\/wp-content\/uploads\/2024\/06\/Comedor-princesa-Fenix-300x300.png",300,300,true],"woocommerce_single":["https:\/\/dencanta.jandatix.com\/wp-content\/uploads\/2024\/06\/Comedor-princesa-Fenix-600x371.png",600,371,true],"woocommerce_gallery_thumbnail":["https:\/\/dencanta.jandatix.com\/wp-content\/uploads\/2024\/06\/Comedor-princesa-Fenix-100x100.png",100,100,true],"dgwt-wcas-product-suggestion":["https:\/\/dencanta.jandatix.com\/wp-content\/uploads\/2024\/06\/Comedor-princesa-Fenix-64x40.png",64,40,true]},"uagb_author_info":{"display_name":"JennyMi","author_link":"https:\/\/dencanta.jandatix.com\/home\/author\/"},"uagb_comment_info":0,"uagb_excerpt":"Comedor 6 puestos en cedro, vidrio de 160 x 90 x 10ml. Garant\u00eda: 3 a\u00f1os en madera por polilla, 1 a\u00f1o en dilataci\u00f3n y desajuste en la madera, costuras y espuma. AL COMPRAR TIENE LA OPCION POR SISTECREDITO\u00a0 Y BRILLA PROCESO DE COMPRA 3226585049. SI DESEAS VISITAR PUNTO DE VENTA FISICO POR FAVOR ESCRIBIR AL&hellip;","_links":{"self":[{"href":"https:\/\/dencanta.jandatix.com\/home\/wp-json\/wp\/v2\/product\/3973","targetHints":{"allow":["GET"]}}],"collection":[{"href":"https:\/\/dencanta.jandatix.com\/home\/wp-json\/wp\/v2\/product"}],"about":[{"href":"https:\/\/dencanta.jandatix.com\/home\/wp-json\/wp\/v2\/types\/product"}],"replies":[{"embeddable":true,"href":"https:\/\/dencanta.jandatix.com\/home\/wp-json\/wp\/v2\/comments?post=3973"}],"wp:featuredmedia":[{"embeddable":true,"href":"https:\/\/dencanta.jandatix.com\/home\/wp-json\/wp\/v2\/media\/3974"}],"wp:attachment":[{"href":"https:\/\/dencanta.jandatix.com\/home\/wp-json\/wp\/v2\/media?parent=3973"}],"wp:term":[{"taxonomy":"product_brand","embeddable":true,"href":"https:\/\/dencanta.jandatix.com\/home\/wp-json\/wp\/v2\/product_brand?post=3973"},{"taxonomy":"product_cat","embeddable":true,"href":"https:\/\/dencanta.jandatix.com\/home\/wp-json\/wp\/v2\/product_cat?post=3973"},{"taxonomy":"product_tag","embeddable":true,"href":"https:\/\/dencanta.jandatix.com\/home\/wp-json\/wp\/v2\/product_tag?post=3973"}],"curies":[{"name":"wp","href":"https:\/\/api.w.org\/{rel}","templated":true}]}}