{"id":3963,"date":"2024-06-11T12:18:27","date_gmt":"2024-06-11T17:18:27","guid":{"rendered":"https:\/\/dencanta.jandatix.com\/home\/?post_type=product&#038;p=3963"},"modified":"2024-06-28T15:42:20","modified_gmt":"2024-06-28T20:42:20","slug":"3963","status":"publish","type":"product","link":"https:\/\/dencanta.jandatix.com\/home\/producto\/3963\/","title":{"rendered":"CLOSET 120 X 180"},"content":{"rendered":"<p>Closet de 120 cm de ancho x 180 cm de alto, con espejo, manijas met\u00e1licas y gavetas sin riel.<\/p>\n<p>Garant\u00eda: 1 a\u00f1o en desajuste y polilla.<\/p>\n<p>AL COMPRAR TIENE LA OPCION POR SISTECREDITO\u00a0 Y BRILLA PROCESO DE COMPRA 3226585049.<\/p>\n<p>SI DESEAS VISITAR PUNTO DE VENTA FISICO POR FAVOR ESCRIBIR AL WHATSAPP 3226585049.<\/p>\n<p>P\u00e1gima web: <a href=\"http:\/\/www.dencanta.jandatix.com\">www.dencanta.jandatix.com<\/a><\/p>\n<p>&nbsp;<\/p>\n<p>&nbsp;<\/p>\n","protected":false},"excerpt":{"rendered":"<p>Closet de 120 cm de ancho x 180 cm de alto, con espejo, manijas met\u00e1licas y gavetas sin riel. Garant\u00eda: 1 a\u00f1o en desajuste y polilla. AL COMPRAR TIENE LA OPCION POR SISTECREDITO\u00a0 Y BRILLA PROCESO DE COMPRA 3226585049. SI DESEAS VISITAR PUNTO DE VENTA FISICO POR FAVOR ESCRIBIR AL WHATSAPP 3226585049. P\u00e1gima web: www.dencanta.jandatix.com &hellip;<\/p>\n<p class=\"read-more\"> <a class=\"\" href=\"https:\/\/dencanta.jandatix.com\/home\/producto\/3963\/\"> <span class=\"screen-reader-text\">CLOSET 120 X 180<\/span> Leer m\u00e1s &raquo;<\/a><\/p>\n","protected":false},"featured_media":3964,"comment_status":"open","ping_status":"closed","template":"","meta":{"_uag_custom_page_level_css":"","site-sidebar-layout":"default","site-content-layout":"default","ast-global-header-display":"","ast-main-header-display":"","ast-hfb-above-header-display":"","ast-hfb-below-header-display":"","ast-hfb-mobile-header-display":"","site-post-title":"","ast-breadcrumbs-content":"","ast-featured-img":"","footer-sml-layout":"","theme-transparent-header-meta":"default","adv-header-id-meta":"","stick-header-meta":"","header-above-stick-meta":"","header-main-stick-meta":"","header-below-stick-meta":""},"product_brand":[],"product_cat":[64],"product_tag":[],"class_list":{"0":"post-3963","1":"product","2":"type-product","3":"status-publish","4":"has-post-thumbnail","6":"product_cat-closet","7":"desktop-align-center","8":"tablet-align-left","9":"mobile-align-left","11":"first","12":"instock","13":"shipping-taxable","14":"purchasable","15":"product-type-simple"},"uagb_featured_image_src":{"full":["https:\/\/dencanta.jandatix.com\/wp-content\/uploads\/2024\/06\/Closet-120-x-180.jpg",623,381,false],"thumbnail":["https:\/\/dencanta.jandatix.com\/wp-content\/uploads\/2024\/06\/Closet-120-x-180-150x150.jpg",150,150,true],"medium":["https:\/\/dencanta.jandatix.com\/wp-content\/uploads\/2024\/06\/Closet-120-x-180-300x183.jpg",300,183,true],"medium_large":["https:\/\/dencanta.jandatix.com\/wp-content\/uploads\/2024\/06\/Closet-120-x-180.jpg",623,381,false],"large":["https:\/\/dencanta.jandatix.com\/wp-content\/uploads\/2024\/06\/Closet-120-x-180.jpg",623,381,false],"1536x1536":["https:\/\/dencanta.jandatix.com\/wp-content\/uploads\/2024\/06\/Closet-120-x-180.jpg",623,381,false],"2048x2048":["https:\/\/dencanta.jandatix.com\/wp-content\/uploads\/2024\/06\/Closet-120-x-180.jpg",623,381,false],"woocommerce_thumbnail":["https:\/\/dencanta.jandatix.com\/wp-content\/uploads\/2024\/06\/Closet-120-x-180-300x300.jpg",300,300,true],"woocommerce_single":["https:\/\/dencanta.jandatix.com\/wp-content\/uploads\/2024\/06\/Closet-120-x-180-600x367.jpg",600,367,true],"woocommerce_gallery_thumbnail":["https:\/\/dencanta.jandatix.com\/wp-content\/uploads\/2024\/06\/Closet-120-x-180-100x100.jpg",100,100,true],"dgwt-wcas-product-suggestion":["https:\/\/dencanta.jandatix.com\/wp-content\/uploads\/2024\/06\/Closet-120-x-180-64x39.jpg",64,39,true]},"uagb_author_info":{"display_name":"JennyMi","author_link":"https:\/\/dencanta.jandatix.com\/home\/author\/"},"uagb_comment_info":0,"uagb_excerpt":"Closet de 120 cm de ancho x 180 cm de alto, con espejo, manijas met\u00e1licas y gavetas sin riel. Garant\u00eda: 1 a\u00f1o en desajuste y polilla. AL COMPRAR TIENE LA OPCION POR SISTECREDITO\u00a0 Y BRILLA PROCESO DE COMPRA 3226585049. SI DESEAS VISITAR PUNTO DE VENTA FISICO POR FAVOR ESCRIBIR AL WHATSAPP 3226585049. P\u00e1gima web: www.dencanta.jandatix.com&hellip;","_links":{"self":[{"href":"https:\/\/dencanta.jandatix.com\/home\/wp-json\/wp\/v2\/product\/3963","targetHints":{"allow":["GET"]}}],"collection":[{"href":"https:\/\/dencanta.jandatix.com\/home\/wp-json\/wp\/v2\/product"}],"about":[{"href":"https:\/\/dencanta.jandatix.com\/home\/wp-json\/wp\/v2\/types\/product"}],"replies":[{"embeddable":true,"href":"https:\/\/dencanta.jandatix.com\/home\/wp-json\/wp\/v2\/comments?post=3963"}],"wp:featuredmedia":[{"embeddable":true,"href":"https:\/\/dencanta.jandatix.com\/home\/wp-json\/wp\/v2\/media\/3964"}],"wp:attachment":[{"href":"https:\/\/dencanta.jandatix.com\/home\/wp-json\/wp\/v2\/media?parent=3963"}],"wp:term":[{"taxonomy":"product_brand","embeddable":true,"href":"https:\/\/dencanta.jandatix.com\/home\/wp-json\/wp\/v2\/product_brand?post=3963"},{"taxonomy":"product_cat","embeddable":true,"href":"https:\/\/dencanta.jandatix.com\/home\/wp-json\/wp\/v2\/product_cat?post=3963"},{"taxonomy":"product_tag","embeddable":true,"href":"https:\/\/dencanta.jandatix.com\/home\/wp-json\/wp\/v2\/product_tag?post=3963"}],"curies":[{"name":"wp","href":"https:\/\/api.w.org\/{rel}","templated":true}]}}