{"id":3961,"date":"2024-06-11T11:58:49","date_gmt":"2024-06-11T16:58:49","guid":{"rendered":"https:\/\/dencanta.jandatix.com\/home\/?post_type=product&#038;p=3961"},"modified":"2024-06-28T15:31:22","modified_gmt":"2024-06-28T20:31:22","slug":"comedor-cuchara-fm-marmol","status":"publish","type":"product","link":"https:\/\/dencanta.jandatix.com\/home\/producto\/comedor-cuchara-fm-marmol\/","title":{"rendered":"COMEDOR CUCHARA FM MARMOL"},"content":{"rendered":"<p>Comedor de 4 puestos fabricado con cedro, consta de una base y vidrio rectangular de 120 cm x 90 cm x 10 mm.<\/p>\n<p>Garant\u00eda: 3 a\u00f1os en madera, 1 a\u00f1o en desajuste, costura y espuma.<\/p>\n<p>AL COMPRAR TIENE LA OPCION POR SISTECREDITO\u00a0 Y BRILLA PROCESO DE COMPRA 3226585049.<\/p>\n<p>SI DESEAS VISITAR PUNTO DE VENTA FISICO POR FAVOR ESCRIBIR AL WHATSAPP 3226585049.<\/p>\n<p>P\u00e1gima web: <a href=\"http:\/\/www.dencanta.jandatix.com\">www.dencanta.jandatix.com<\/a><\/p>\n<p>&nbsp;<\/p>\n","protected":false},"excerpt":{"rendered":"<p>Comedor de 4 puestos fabricado con cedro, consta de una base y vidrio rectangular de 120 cm x 90 cm x 10 mm. Garant\u00eda: 3 a\u00f1os en madera, 1 a\u00f1o en desajuste, costura y espuma. AL COMPRAR TIENE LA OPCION POR SISTECREDITO\u00a0 Y BRILLA PROCESO DE COMPRA 3226585049. SI DESEAS VISITAR PUNTO DE VENTA FISICO &hellip;<\/p>\n<p class=\"read-more\"> <a class=\"\" href=\"https:\/\/dencanta.jandatix.com\/home\/producto\/comedor-cuchara-fm-marmol\/\"> <span class=\"screen-reader-text\">COMEDOR CUCHARA FM MARMOL<\/span> Leer m\u00e1s &raquo;<\/a><\/p>\n","protected":false},"featured_media":3962,"comment_status":"open","ping_status":"closed","template":"","meta":{"_uag_custom_page_level_css":"","site-sidebar-layout":"default","site-content-layout":"default","ast-global-header-display":"","ast-main-header-display":"","ast-hfb-above-header-display":"","ast-hfb-below-header-display":"","ast-hfb-mobile-header-display":"","site-post-title":"","ast-breadcrumbs-content":"","ast-featured-img":"","footer-sml-layout":"","theme-transparent-header-meta":"default","adv-header-id-meta":"","stick-header-meta":"","header-above-stick-meta":"","header-main-stick-meta":"","header-below-stick-meta":""},"product_brand":[],"product_cat":[18,34],"product_tag":[],"class_list":{"0":"post-3961","1":"product","2":"type-product","3":"status-publish","4":"has-post-thumbnail","6":"product_cat-muebles-sala","7":"product_cat-comedor","8":"desktop-align-center","9":"tablet-align-left","10":"mobile-align-left","12":"first","13":"instock","14":"shipping-taxable","15":"purchasable","16":"product-type-simple"},"uagb_featured_image_src":{"full":["https:\/\/dencanta.jandatix.com\/wp-content\/uploads\/2024\/06\/Comedor-cuchara-fm-marmol.jpg",623,386,false],"thumbnail":["https:\/\/dencanta.jandatix.com\/wp-content\/uploads\/2024\/06\/Comedor-cuchara-fm-marmol-150x150.jpg",150,150,true],"medium":["https:\/\/dencanta.jandatix.com\/wp-content\/uploads\/2024\/06\/Comedor-cuchara-fm-marmol-300x186.jpg",300,186,true],"medium_large":["https:\/\/dencanta.jandatix.com\/wp-content\/uploads\/2024\/06\/Comedor-cuchara-fm-marmol.jpg",623,386,false],"large":["https:\/\/dencanta.jandatix.com\/wp-content\/uploads\/2024\/06\/Comedor-cuchara-fm-marmol.jpg",623,386,false],"1536x1536":["https:\/\/dencanta.jandatix.com\/wp-content\/uploads\/2024\/06\/Comedor-cuchara-fm-marmol.jpg",623,386,false],"2048x2048":["https:\/\/dencanta.jandatix.com\/wp-content\/uploads\/2024\/06\/Comedor-cuchara-fm-marmol.jpg",623,386,false],"woocommerce_thumbnail":["https:\/\/dencanta.jandatix.com\/wp-content\/uploads\/2024\/06\/Comedor-cuchara-fm-marmol-300x300.jpg",300,300,true],"woocommerce_single":["https:\/\/dencanta.jandatix.com\/wp-content\/uploads\/2024\/06\/Comedor-cuchara-fm-marmol-600x372.jpg",600,372,true],"woocommerce_gallery_thumbnail":["https:\/\/dencanta.jandatix.com\/wp-content\/uploads\/2024\/06\/Comedor-cuchara-fm-marmol-100x100.jpg",100,100,true],"dgwt-wcas-product-suggestion":["https:\/\/dencanta.jandatix.com\/wp-content\/uploads\/2024\/06\/Comedor-cuchara-fm-marmol-64x40.jpg",64,40,true]},"uagb_author_info":{"display_name":"JennyMi","author_link":"https:\/\/dencanta.jandatix.com\/home\/author\/"},"uagb_comment_info":0,"uagb_excerpt":"Comedor de 4 puestos fabricado con cedro, consta de una base y vidrio rectangular de 120 cm x 90 cm x 10 mm. Garant\u00eda: 3 a\u00f1os en madera, 1 a\u00f1o en desajuste, costura y espuma. AL COMPRAR TIENE LA OPCION POR SISTECREDITO\u00a0 Y BRILLA PROCESO DE COMPRA 3226585049. SI DESEAS VISITAR PUNTO DE VENTA FISICO&hellip;","_links":{"self":[{"href":"https:\/\/dencanta.jandatix.com\/home\/wp-json\/wp\/v2\/product\/3961","targetHints":{"allow":["GET"]}}],"collection":[{"href":"https:\/\/dencanta.jandatix.com\/home\/wp-json\/wp\/v2\/product"}],"about":[{"href":"https:\/\/dencanta.jandatix.com\/home\/wp-json\/wp\/v2\/types\/product"}],"replies":[{"embeddable":true,"href":"https:\/\/dencanta.jandatix.com\/home\/wp-json\/wp\/v2\/comments?post=3961"}],"wp:featuredmedia":[{"embeddable":true,"href":"https:\/\/dencanta.jandatix.com\/home\/wp-json\/wp\/v2\/media\/3962"}],"wp:attachment":[{"href":"https:\/\/dencanta.jandatix.com\/home\/wp-json\/wp\/v2\/media?parent=3961"}],"wp:term":[{"taxonomy":"product_brand","embeddable":true,"href":"https:\/\/dencanta.jandatix.com\/home\/wp-json\/wp\/v2\/product_brand?post=3961"},{"taxonomy":"product_cat","embeddable":true,"href":"https:\/\/dencanta.jandatix.com\/home\/wp-json\/wp\/v2\/product_cat?post=3961"},{"taxonomy":"product_tag","embeddable":true,"href":"https:\/\/dencanta.jandatix.com\/home\/wp-json\/wp\/v2\/product_tag?post=3961"}],"curies":[{"name":"wp","href":"https:\/\/api.w.org\/{rel}","templated":true}]}}