{"id":3956,"date":"2024-06-11T11:17:14","date_gmt":"2024-06-11T16:17:14","guid":{"rendered":"https:\/\/dencanta.jandatix.com\/home\/?post_type=product&#038;p=3956"},"modified":"2024-06-28T16:24:27","modified_gmt":"2024-06-28T21:24:27","slug":"comedor-cuchara-cd","status":"publish","type":"product","link":"https:\/\/dencanta.jandatix.com\/home\/producto\/comedor-cuchara-cd\/","title":{"rendered":"COMEDOR CUCHARA CD"},"content":{"rendered":"<p>Comedor de 4 puestos en cedro, base minoti, vidrio de 140 x 90 x 10ml.<\/p>\n<p>Garant\u00eda: 3 a\u00f1os en madera por polilla, 1 a\u00f1o en dilataci\u00f3n y desajuste de la madera, costuras y espumas.<\/p>\n<p>AL COMPRAR TIENE LA OPCION POR SISTECREDITO\u00a0 Y BRILLA PROCESO DE COMPRA 3226585049.<\/p>\n<p>SI DESEAS VISITAR PUNTO DE VENTA FISICO POR FAVOR ESCRIBIR AL WHATSAPP 3226585049.<\/p>\n<p>P\u00e1gima web: <a href=\"http:\/\/www.dencanta.jandatix.com\">www.dencanta.jandatix.com<\/a><\/p>\n","protected":false},"excerpt":{"rendered":"<p>Comedor de 4 puestos en cedro, base minoti, vidrio de 140 x 90 x 10ml. Garant\u00eda: 3 a\u00f1os en madera por polilla, 1 a\u00f1o en dilataci\u00f3n y desajuste de la madera, costuras y espumas. AL COMPRAR TIENE LA OPCION POR SISTECREDITO\u00a0 Y BRILLA PROCESO DE COMPRA 3226585049. SI DESEAS VISITAR PUNTO DE VENTA FISICO POR &hellip;<\/p>\n<p class=\"read-more\"> <a class=\"\" href=\"https:\/\/dencanta.jandatix.com\/home\/producto\/comedor-cuchara-cd\/\"> <span class=\"screen-reader-text\">COMEDOR CUCHARA CD<\/span> Leer m\u00e1s &raquo;<\/a><\/p>\n","protected":false},"featured_media":3958,"comment_status":"open","ping_status":"closed","template":"","meta":{"_uag_custom_page_level_css":"","site-sidebar-layout":"default","site-content-layout":"default","ast-global-header-display":"","ast-main-header-display":"","ast-hfb-above-header-display":"","ast-hfb-below-header-display":"","ast-hfb-mobile-header-display":"","site-post-title":"","ast-breadcrumbs-content":"","ast-featured-img":"","footer-sml-layout":"","theme-transparent-header-meta":"default","adv-header-id-meta":"","stick-header-meta":"","header-above-stick-meta":"","header-main-stick-meta":"","header-below-stick-meta":""},"product_brand":[],"product_cat":[18,34],"product_tag":[],"class_list":{"0":"post-3956","1":"product","2":"type-product","3":"status-publish","4":"has-post-thumbnail","6":"product_cat-muebles-sala","7":"product_cat-comedor","8":"desktop-align-center","9":"tablet-align-left","10":"mobile-align-left","12":"first","13":"instock","14":"shipping-taxable","15":"purchasable","16":"product-type-simple"},"uagb_featured_image_src":{"full":["https:\/\/dencanta.jandatix.com\/wp-content\/uploads\/2024\/06\/Comedor-Cuchara-CD.jpg",624,391,false],"thumbnail":["https:\/\/dencanta.jandatix.com\/wp-content\/uploads\/2024\/06\/Comedor-Cuchara-CD-150x150.jpg",150,150,true],"medium":["https:\/\/dencanta.jandatix.com\/wp-content\/uploads\/2024\/06\/Comedor-Cuchara-CD-300x188.jpg",300,188,true],"medium_large":["https:\/\/dencanta.jandatix.com\/wp-content\/uploads\/2024\/06\/Comedor-Cuchara-CD.jpg",624,391,false],"large":["https:\/\/dencanta.jandatix.com\/wp-content\/uploads\/2024\/06\/Comedor-Cuchara-CD.jpg",624,391,false],"1536x1536":["https:\/\/dencanta.jandatix.com\/wp-content\/uploads\/2024\/06\/Comedor-Cuchara-CD.jpg",624,391,false],"2048x2048":["https:\/\/dencanta.jandatix.com\/wp-content\/uploads\/2024\/06\/Comedor-Cuchara-CD.jpg",624,391,false],"woocommerce_thumbnail":["https:\/\/dencanta.jandatix.com\/wp-content\/uploads\/2024\/06\/Comedor-Cuchara-CD-300x300.jpg",300,300,true],"woocommerce_single":["https:\/\/dencanta.jandatix.com\/wp-content\/uploads\/2024\/06\/Comedor-Cuchara-CD-600x376.jpg",600,376,true],"woocommerce_gallery_thumbnail":["https:\/\/dencanta.jandatix.com\/wp-content\/uploads\/2024\/06\/Comedor-Cuchara-CD-100x100.jpg",100,100,true],"dgwt-wcas-product-suggestion":["https:\/\/dencanta.jandatix.com\/wp-content\/uploads\/2024\/06\/Comedor-Cuchara-CD-64x40.jpg",64,40,true]},"uagb_author_info":{"display_name":"JennyMi","author_link":"https:\/\/dencanta.jandatix.com\/home\/author\/"},"uagb_comment_info":0,"uagb_excerpt":"Comedor de 4 puestos en cedro, base minoti, vidrio de 140 x 90 x 10ml. Garant\u00eda: 3 a\u00f1os en madera por polilla, 1 a\u00f1o en dilataci\u00f3n y desajuste de la madera, costuras y espumas. AL COMPRAR TIENE LA OPCION POR SISTECREDITO\u00a0 Y BRILLA PROCESO DE COMPRA 3226585049. SI DESEAS VISITAR PUNTO DE VENTA FISICO POR&hellip;","_links":{"self":[{"href":"https:\/\/dencanta.jandatix.com\/home\/wp-json\/wp\/v2\/product\/3956","targetHints":{"allow":["GET"]}}],"collection":[{"href":"https:\/\/dencanta.jandatix.com\/home\/wp-json\/wp\/v2\/product"}],"about":[{"href":"https:\/\/dencanta.jandatix.com\/home\/wp-json\/wp\/v2\/types\/product"}],"replies":[{"embeddable":true,"href":"https:\/\/dencanta.jandatix.com\/home\/wp-json\/wp\/v2\/comments?post=3956"}],"wp:featuredmedia":[{"embeddable":true,"href":"https:\/\/dencanta.jandatix.com\/home\/wp-json\/wp\/v2\/media\/3958"}],"wp:attachment":[{"href":"https:\/\/dencanta.jandatix.com\/home\/wp-json\/wp\/v2\/media?parent=3956"}],"wp:term":[{"taxonomy":"product_brand","embeddable":true,"href":"https:\/\/dencanta.jandatix.com\/home\/wp-json\/wp\/v2\/product_brand?post=3956"},{"taxonomy":"product_cat","embeddable":true,"href":"https:\/\/dencanta.jandatix.com\/home\/wp-json\/wp\/v2\/product_cat?post=3956"},{"taxonomy":"product_tag","embeddable":true,"href":"https:\/\/dencanta.jandatix.com\/home\/wp-json\/wp\/v2\/product_tag?post=3956"}],"curies":[{"name":"wp","href":"https:\/\/api.w.org\/{rel}","templated":true}]}}