{"id":3955,"date":"2024-06-11T10:36:37","date_gmt":"2024-06-11T15:36:37","guid":{"rendered":"https:\/\/dencanta.jandatix.com\/home\/?post_type=product&#038;p=3955"},"modified":"2024-06-28T16:08:36","modified_gmt":"2024-06-28T21:08:36","slug":"comedor-orejon-cd","status":"publish","type":"product","link":"https:\/\/dencanta.jandatix.com\/home\/producto\/comedor-orejon-cd\/","title":{"rendered":"COMEDOR OREJON CD"},"content":{"rendered":"<p>Comedor de 4 puestos en cedro, base minoti, vidrio de 140 x 90 x 10ml.<\/p>\n<p>Gar\u00e1ntia: 3 a\u00f1os en madera por polilla, 1 a\u00f1o en dilataci\u00f3n y desajuste de la madera, costuras y espumas.<\/p>\n<p>AL COMPRAR TIENE LA OPCION POR SISTECREDITO\u00a0 Y BRILLA PROCESO DE COMPRA 3226585049.<\/p>\n<p>SI DESEAS VISITAR PUNTO DE VENTA FISICO POR FAVOR ESCRIBIR AL WHATSAPP 3226585049.<\/p>\n<p>P\u00e1gima web: <a href=\"http:\/\/www.dencanta.jandatix.com\">www.dencanta.jandatix.com<\/a><\/p>\n<p>&nbsp;<\/p>\n","protected":false},"excerpt":{"rendered":"<p>Comedor de 4 puestos en cedro, base minoti, vidrio de 140 x 90 x 10ml. Gar\u00e1ntia: 3 a\u00f1os en madera por polilla, 1 a\u00f1o en dilataci\u00f3n y desajuste de la madera, costuras y espumas. AL COMPRAR TIENE LA OPCION POR SISTECREDITO\u00a0 Y BRILLA PROCESO DE COMPRA 3226585049. SI DESEAS VISITAR PUNTO DE VENTA FISICO POR &hellip;<\/p>\n<p class=\"read-more\"> <a class=\"\" href=\"https:\/\/dencanta.jandatix.com\/home\/producto\/comedor-orejon-cd\/\"> <span class=\"screen-reader-text\">COMEDOR OREJON CD<\/span> Leer m\u00e1s &raquo;<\/a><\/p>\n","protected":false},"featured_media":3981,"comment_status":"open","ping_status":"closed","template":"","meta":{"_uag_custom_page_level_css":"","site-sidebar-layout":"default","site-content-layout":"default","ast-global-header-display":"","ast-main-header-display":"","ast-hfb-above-header-display":"","ast-hfb-below-header-display":"","ast-hfb-mobile-header-display":"","site-post-title":"","ast-breadcrumbs-content":"","ast-featured-img":"","footer-sml-layout":"","theme-transparent-header-meta":"default","adv-header-id-meta":"","stick-header-meta":"","header-above-stick-meta":"","header-main-stick-meta":"","header-below-stick-meta":""},"product_brand":[],"product_cat":[18,34],"product_tag":[],"class_list":{"0":"post-3955","1":"product","2":"type-product","3":"status-publish","4":"has-post-thumbnail","6":"product_cat-muebles-sala","7":"product_cat-comedor","8":"desktop-align-center","9":"tablet-align-left","10":"mobile-align-left","12":"first","13":"instock","14":"shipping-taxable","15":"purchasable","16":"product-type-simple"},"uagb_featured_image_src":{"full":["https:\/\/dencanta.jandatix.com\/wp-content\/uploads\/2024\/06\/Comedor-Orejon-CD-Ref-165.jpeg",1152,710,false],"thumbnail":["https:\/\/dencanta.jandatix.com\/wp-content\/uploads\/2024\/06\/Comedor-Orejon-CD-Ref-165-150x150.jpeg",150,150,true],"medium":["https:\/\/dencanta.jandatix.com\/wp-content\/uploads\/2024\/06\/Comedor-Orejon-CD-Ref-165-300x185.jpeg",300,185,true],"medium_large":["https:\/\/dencanta.jandatix.com\/wp-content\/uploads\/2024\/06\/Comedor-Orejon-CD-Ref-165-768x473.jpeg",768,473,true],"large":["https:\/\/dencanta.jandatix.com\/wp-content\/uploads\/2024\/06\/Comedor-Orejon-CD-Ref-165-1024x631.jpeg",1024,631,true],"1536x1536":["https:\/\/dencanta.jandatix.com\/wp-content\/uploads\/2024\/06\/Comedor-Orejon-CD-Ref-165.jpeg",1152,710,false],"2048x2048":["https:\/\/dencanta.jandatix.com\/wp-content\/uploads\/2024\/06\/Comedor-Orejon-CD-Ref-165.jpeg",1152,710,false],"woocommerce_thumbnail":["https:\/\/dencanta.jandatix.com\/wp-content\/uploads\/2024\/06\/Comedor-Orejon-CD-Ref-165-300x300.jpeg",300,300,true],"woocommerce_single":["https:\/\/dencanta.jandatix.com\/wp-content\/uploads\/2024\/06\/Comedor-Orejon-CD-Ref-165-600x370.jpeg",600,370,true],"woocommerce_gallery_thumbnail":["https:\/\/dencanta.jandatix.com\/wp-content\/uploads\/2024\/06\/Comedor-Orejon-CD-Ref-165-100x100.jpeg",100,100,true],"dgwt-wcas-product-suggestion":["https:\/\/dencanta.jandatix.com\/wp-content\/uploads\/2024\/06\/Comedor-Orejon-CD-Ref-165-64x39.jpeg",64,39,true]},"uagb_author_info":{"display_name":"JennyMi","author_link":"https:\/\/dencanta.jandatix.com\/home\/author\/"},"uagb_comment_info":0,"uagb_excerpt":"Comedor de 4 puestos en cedro, base minoti, vidrio de 140 x 90 x 10ml. Gar\u00e1ntia: 3 a\u00f1os en madera por polilla, 1 a\u00f1o en dilataci\u00f3n y desajuste de la madera, costuras y espumas. AL COMPRAR TIENE LA OPCION POR SISTECREDITO\u00a0 Y BRILLA PROCESO DE COMPRA 3226585049. SI DESEAS VISITAR PUNTO DE VENTA FISICO POR&hellip;","_links":{"self":[{"href":"https:\/\/dencanta.jandatix.com\/home\/wp-json\/wp\/v2\/product\/3955","targetHints":{"allow":["GET"]}}],"collection":[{"href":"https:\/\/dencanta.jandatix.com\/home\/wp-json\/wp\/v2\/product"}],"about":[{"href":"https:\/\/dencanta.jandatix.com\/home\/wp-json\/wp\/v2\/types\/product"}],"replies":[{"embeddable":true,"href":"https:\/\/dencanta.jandatix.com\/home\/wp-json\/wp\/v2\/comments?post=3955"}],"wp:featuredmedia":[{"embeddable":true,"href":"https:\/\/dencanta.jandatix.com\/home\/wp-json\/wp\/v2\/media\/3981"}],"wp:attachment":[{"href":"https:\/\/dencanta.jandatix.com\/home\/wp-json\/wp\/v2\/media?parent=3955"}],"wp:term":[{"taxonomy":"product_brand","embeddable":true,"href":"https:\/\/dencanta.jandatix.com\/home\/wp-json\/wp\/v2\/product_brand?post=3955"},{"taxonomy":"product_cat","embeddable":true,"href":"https:\/\/dencanta.jandatix.com\/home\/wp-json\/wp\/v2\/product_cat?post=3955"},{"taxonomy":"product_tag","embeddable":true,"href":"https:\/\/dencanta.jandatix.com\/home\/wp-json\/wp\/v2\/product_tag?post=3955"}],"curies":[{"name":"wp","href":"https:\/\/api.w.org\/{rel}","templated":true}]}}