{"id":3579,"date":"2024-03-06T17:13:30","date_gmt":"2024-03-06T22:13:30","guid":{"rendered":"https:\/\/dencanta.jandatix.com\/home\/?post_type=product&#038;p=3579"},"modified":"2024-03-06T17:15:14","modified_gmt":"2024-03-06T22:15:14","slug":"velas-para-masajes","status":"publish","type":"product","link":"https:\/\/dencanta.jandatix.com\/home\/producto\/velas-para-masajes\/","title":{"rendered":"Velas Para Masajes"},"content":{"rendered":"<p>Puedes masajear en cualquier parte del cuerpo y lo mejor de<br \/>\ntodo es que disminuye los dolores musculares, el estr\u00e9s, aportan relajaci\u00f3n y bienestar para<br \/>\nque disfrutes de una experiencia m\u00e1gica en tu piel.<\/p>\n","protected":false},"excerpt":{"rendered":"<p>Puedes masajear en cualquier parte del cuerpo y lo mejor de todo es que disminuye los dolores musculares, el estr\u00e9s, aportan relajaci\u00f3n y bienestar para que disfrutes de una experiencia m\u00e1gica en tu piel.<\/p>\n","protected":false},"featured_media":3580,"comment_status":"open","ping_status":"closed","template":"","meta":{"_uag_custom_page_level_css":"","site-sidebar-layout":"default","site-content-layout":"default","ast-global-header-display":"","ast-main-header-display":"","ast-hfb-above-header-display":"","ast-hfb-below-header-display":"","ast-hfb-mobile-header-display":"","site-post-title":"","ast-breadcrumbs-content":"","ast-featured-img":"","footer-sml-layout":"","theme-transparent-header-meta":"default","adv-header-id-meta":"","stick-header-meta":"","header-above-stick-meta":"","header-main-stick-meta":"","header-below-stick-meta":""},"product_brand":[],"product_cat":[74],"product_tag":[],"class_list":{"0":"post-3579","1":"product","2":"type-product","3":"status-publish","4":"has-post-thumbnail","6":"product_cat-velas","7":"desktop-align-center","8":"tablet-align-left","9":"mobile-align-left","11":"first","12":"instock","13":"shipping-taxable","14":"purchasable","15":"product-type-simple"},"uagb_featured_image_src":{"full":["https:\/\/dencanta.jandatix.com\/wp-content\/uploads\/2024\/03\/DSC04247.jpg",1536,1920,false],"thumbnail":["https:\/\/dencanta.jandatix.com\/wp-content\/uploads\/2024\/03\/DSC04247-150x150.jpg",150,150,true],"medium":["https:\/\/dencanta.jandatix.com\/wp-content\/uploads\/2024\/03\/DSC04247-240x300.jpg",240,300,true],"medium_large":["https:\/\/dencanta.jandatix.com\/wp-content\/uploads\/2024\/03\/DSC04247-768x960.jpg",768,960,true],"large":["https:\/\/dencanta.jandatix.com\/wp-content\/uploads\/2024\/03\/DSC04247-819x1024.jpg",819,1024,true],"1536x1536":["https:\/\/dencanta.jandatix.com\/wp-content\/uploads\/2024\/03\/DSC04247-1229x1536.jpg",1229,1536,true],"2048x2048":["https:\/\/dencanta.jandatix.com\/wp-content\/uploads\/2024\/03\/DSC04247.jpg",1536,1920,false],"woocommerce_thumbnail":["https:\/\/dencanta.jandatix.com\/wp-content\/uploads\/2024\/03\/DSC04247-300x300.jpg",300,300,true],"woocommerce_single":["https:\/\/dencanta.jandatix.com\/wp-content\/uploads\/2024\/03\/DSC04247-600x750.jpg",600,750,true],"woocommerce_gallery_thumbnail":["https:\/\/dencanta.jandatix.com\/wp-content\/uploads\/2024\/03\/DSC04247-100x100.jpg",100,100,true],"dgwt-wcas-product-suggestion":["https:\/\/dencanta.jandatix.com\/wp-content\/uploads\/2024\/03\/DSC04247-64x80.jpg",64,80,true]},"uagb_author_info":{"display_name":"JennyMi","author_link":"https:\/\/dencanta.jandatix.com\/home\/author\/"},"uagb_comment_info":0,"uagb_excerpt":"Puedes masajear en cualquier parte del cuerpo y lo mejor de todo es que disminuye los dolores musculares, el estr\u00e9s, aportan relajaci\u00f3n y bienestar para que disfrutes de una experiencia m\u00e1gica en tu piel.","_links":{"self":[{"href":"https:\/\/dencanta.jandatix.com\/home\/wp-json\/wp\/v2\/product\/3579","targetHints":{"allow":["GET"]}}],"collection":[{"href":"https:\/\/dencanta.jandatix.com\/home\/wp-json\/wp\/v2\/product"}],"about":[{"href":"https:\/\/dencanta.jandatix.com\/home\/wp-json\/wp\/v2\/types\/product"}],"replies":[{"embeddable":true,"href":"https:\/\/dencanta.jandatix.com\/home\/wp-json\/wp\/v2\/comments?post=3579"}],"wp:featuredmedia":[{"embeddable":true,"href":"https:\/\/dencanta.jandatix.com\/home\/wp-json\/wp\/v2\/media\/3580"}],"wp:attachment":[{"href":"https:\/\/dencanta.jandatix.com\/home\/wp-json\/wp\/v2\/media?parent=3579"}],"wp:term":[{"taxonomy":"product_brand","embeddable":true,"href":"https:\/\/dencanta.jandatix.com\/home\/wp-json\/wp\/v2\/product_brand?post=3579"},{"taxonomy":"product_cat","embeddable":true,"href":"https:\/\/dencanta.jandatix.com\/home\/wp-json\/wp\/v2\/product_cat?post=3579"},{"taxonomy":"product_tag","embeddable":true,"href":"https:\/\/dencanta.jandatix.com\/home\/wp-json\/wp\/v2\/product_tag?post=3579"}],"curies":[{"name":"wp","href":"https:\/\/api.w.org\/{rel}","templated":true}]}}