{"id":3564,"date":"2024-03-06T16:42:44","date_gmt":"2024-03-06T21:42:44","guid":{"rendered":"https:\/\/dencanta.jandatix.com\/home\/?post_type=product&#038;p=3564"},"modified":"2024-03-12T14:26:12","modified_gmt":"2024-03-12T19:26:12","slug":"la-linea-angelical-con-los-7-arcangeles-principales","status":"publish","type":"product","link":"https:\/\/dencanta.jandatix.com\/home\/producto\/la-linea-angelical-con-los-7-arcangeles-principales\/","title":{"rendered":"La l\u00ednea angelical con los 7 arc\u00e1ngeles principales"},"content":{"rendered":"<p>Con los 7 arc\u00e1ngeles principales: Miguel, Uriel, Jofiel, Zadquiel, Rafael,<br \/>\nGabriel y Chamuel, cada vela tiene un precio de $ 35.000.<\/p>\n<p>Elaboradas de forma artesanal con cera vegetal, pabilo de algod\u00f3n y fragancias importadas altamente<br \/>\nconcentradas.<\/p>\n","protected":false},"excerpt":{"rendered":"<p>Con los 7 arc\u00e1ngeles principales: Miguel, Uriel, Jofiel, Zadquiel, Rafael, Gabriel y Chamuel, cada vela tiene un precio de $ 35.000. Elaboradas de forma artesanal con cera vegetal, pabilo de algod\u00f3n y fragancias importadas altamente concentradas.<\/p>\n","protected":false},"featured_media":3565,"comment_status":"open","ping_status":"closed","template":"","meta":{"_uag_custom_page_level_css":"","site-sidebar-layout":"default","site-content-layout":"default","ast-global-header-display":"","ast-main-header-display":"","ast-hfb-above-header-display":"","ast-hfb-below-header-display":"","ast-hfb-mobile-header-display":"","site-post-title":"","ast-breadcrumbs-content":"","ast-featured-img":"","footer-sml-layout":"","theme-transparent-header-meta":"default","adv-header-id-meta":"","stick-header-meta":"","header-above-stick-meta":"","header-main-stick-meta":"","header-below-stick-meta":""},"product_brand":[],"product_cat":[74],"product_tag":[],"class_list":{"0":"post-3564","1":"product","2":"type-product","3":"status-publish","4":"has-post-thumbnail","6":"product_cat-velas","7":"desktop-align-center","8":"tablet-align-left","9":"mobile-align-left","11":"first","12":"instock","13":"shipping-taxable","14":"purchasable","15":"product-type-simple"},"uagb_featured_image_src":{"full":["https:\/\/dencanta.jandatix.com\/wp-content\/uploads\/2024\/03\/BZT01597.jpg",1080,864,false],"thumbnail":["https:\/\/dencanta.jandatix.com\/wp-content\/uploads\/2024\/03\/BZT01597-150x150.jpg",150,150,true],"medium":["https:\/\/dencanta.jandatix.com\/wp-content\/uploads\/2024\/03\/BZT01597-300x240.jpg",300,240,true],"medium_large":["https:\/\/dencanta.jandatix.com\/wp-content\/uploads\/2024\/03\/BZT01597-768x614.jpg",768,614,true],"large":["https:\/\/dencanta.jandatix.com\/wp-content\/uploads\/2024\/03\/BZT01597-1024x819.jpg",1024,819,true],"1536x1536":["https:\/\/dencanta.jandatix.com\/wp-content\/uploads\/2024\/03\/BZT01597.jpg",1080,864,false],"2048x2048":["https:\/\/dencanta.jandatix.com\/wp-content\/uploads\/2024\/03\/BZT01597.jpg",1080,864,false],"woocommerce_thumbnail":["https:\/\/dencanta.jandatix.com\/wp-content\/uploads\/2024\/03\/BZT01597-300x300.jpg",300,300,true],"woocommerce_single":["https:\/\/dencanta.jandatix.com\/wp-content\/uploads\/2024\/03\/BZT01597-600x480.jpg",600,480,true],"woocommerce_gallery_thumbnail":["https:\/\/dencanta.jandatix.com\/wp-content\/uploads\/2024\/03\/BZT01597-100x100.jpg",100,100,true],"dgwt-wcas-product-suggestion":["https:\/\/dencanta.jandatix.com\/wp-content\/uploads\/2024\/03\/BZT01597-64x51.jpg",64,51,true]},"uagb_author_info":{"display_name":"JennyMi","author_link":"https:\/\/dencanta.jandatix.com\/home\/author\/"},"uagb_comment_info":0,"uagb_excerpt":"Con los 7 arc\u00e1ngeles principales: Miguel, Uriel, Jofiel, Zadquiel, Rafael, Gabriel y Chamuel, cada vela tiene un precio de $ 35.000. Elaboradas de forma artesanal con cera vegetal, pabilo de algod\u00f3n y fragancias importadas altamente concentradas.","_links":{"self":[{"href":"https:\/\/dencanta.jandatix.com\/home\/wp-json\/wp\/v2\/product\/3564","targetHints":{"allow":["GET"]}}],"collection":[{"href":"https:\/\/dencanta.jandatix.com\/home\/wp-json\/wp\/v2\/product"}],"about":[{"href":"https:\/\/dencanta.jandatix.com\/home\/wp-json\/wp\/v2\/types\/product"}],"replies":[{"embeddable":true,"href":"https:\/\/dencanta.jandatix.com\/home\/wp-json\/wp\/v2\/comments?post=3564"}],"wp:featuredmedia":[{"embeddable":true,"href":"https:\/\/dencanta.jandatix.com\/home\/wp-json\/wp\/v2\/media\/3565"}],"wp:attachment":[{"href":"https:\/\/dencanta.jandatix.com\/home\/wp-json\/wp\/v2\/media?parent=3564"}],"wp:term":[{"taxonomy":"product_brand","embeddable":true,"href":"https:\/\/dencanta.jandatix.com\/home\/wp-json\/wp\/v2\/product_brand?post=3564"},{"taxonomy":"product_cat","embeddable":true,"href":"https:\/\/dencanta.jandatix.com\/home\/wp-json\/wp\/v2\/product_cat?post=3564"},{"taxonomy":"product_tag","embeddable":true,"href":"https:\/\/dencanta.jandatix.com\/home\/wp-json\/wp\/v2\/product_tag?post=3564"}],"curies":[{"name":"wp","href":"https:\/\/api.w.org\/{rel}","templated":true}]}}