{"id":3508,"date":"2024-02-26T12:19:26","date_gmt":"2024-02-26T17:19:26","guid":{"rendered":"https:\/\/dencanta.jandatix.com\/home\/?post_type=product&#038;p=3508"},"modified":"2024-06-28T13:07:42","modified_gmt":"2024-06-28T18:07:42","slug":"comedor-princesa-tradicional","status":"publish","type":"product","link":"https:\/\/dencanta.jandatix.com\/home\/producto\/comedor-princesa-tradicional\/","title":{"rendered":"COMEDOR PRINCESA TRADICIONAL"},"content":{"rendered":"<p>Comedor 4 puestos, sillas hechas en cedro, tapizados, capitoneadas y base tradicional fabricada en pino y MDF, el vidrio tiene unas dimensiones de 120cm x 100cm x 10mm.<\/p>\n<p>Garantia: 3 a\u00f1os en cedro, 2 a\u00f1o la base, 1 a\u00f1o de costura \u00a0y espuma.<\/p>\n<p>AL COMPRAR TIENE LA OPCION POR SISTECREDITO\u00a0 Y BRILLA PROCESO DE COMPRA 3226585049.<\/p>\n<p>SI DESEAS VISITAR PUNTO DE VENTA FISICO POR FAVOR ESCRIBIR AL WHATSAPP 3226585049.<\/p>\n","protected":false},"excerpt":{"rendered":"<p>Comedor 4 puestos, sillas hechas en cedro, tapizados, capitoneadas y base tradicional fabricada en pino y MDF, el vidrio tiene unas dimensiones de 120cm x 100cm x 10mm. Garantia: 3 a\u00f1os en cedro, 2 a\u00f1o la base, 1 a\u00f1o de costura \u00a0y espuma. AL COMPRAR TIENE LA OPCION POR SISTECREDITO\u00a0 Y BRILLA PROCESO DE COMPRA &hellip;<\/p>\n<p class=\"read-more\"> <a class=\"\" href=\"https:\/\/dencanta.jandatix.com\/home\/producto\/comedor-princesa-tradicional\/\"> <span class=\"screen-reader-text\">COMEDOR PRINCESA TRADICIONAL<\/span> Leer m\u00e1s &raquo;<\/a><\/p>\n","protected":false},"featured_media":3509,"comment_status":"open","ping_status":"closed","template":"","meta":{"_uag_custom_page_level_css":"","site-sidebar-layout":"default","site-content-layout":"default","ast-global-header-display":"","ast-main-header-display":"","ast-hfb-above-header-display":"","ast-hfb-below-header-display":"","ast-hfb-mobile-header-display":"","site-post-title":"","ast-breadcrumbs-content":"","ast-featured-img":"","footer-sml-layout":"","theme-transparent-header-meta":"default","adv-header-id-meta":"","stick-header-meta":"","header-above-stick-meta":"","header-main-stick-meta":"","header-below-stick-meta":""},"product_brand":[],"product_cat":[34],"product_tag":[],"class_list":{"0":"post-3508","1":"product","2":"type-product","3":"status-publish","4":"has-post-thumbnail","6":"product_cat-comedor","7":"desktop-align-center","8":"tablet-align-left","9":"mobile-align-left","11":"first","12":"instock","13":"shipping-taxable","14":"purchasable","15":"product-type-simple"},"uagb_featured_image_src":{"full":["https:\/\/dencanta.jandatix.com\/wp-content\/uploads\/2024\/02\/Comedor-princesa-tradicional.png",500,324,false],"thumbnail":["https:\/\/dencanta.jandatix.com\/wp-content\/uploads\/2024\/02\/Comedor-princesa-tradicional-150x150.png",150,150,true],"medium":["https:\/\/dencanta.jandatix.com\/wp-content\/uploads\/2024\/02\/Comedor-princesa-tradicional-300x194.png",300,194,true],"medium_large":["https:\/\/dencanta.jandatix.com\/wp-content\/uploads\/2024\/02\/Comedor-princesa-tradicional.png",500,324,false],"large":["https:\/\/dencanta.jandatix.com\/wp-content\/uploads\/2024\/02\/Comedor-princesa-tradicional.png",500,324,false],"1536x1536":["https:\/\/dencanta.jandatix.com\/wp-content\/uploads\/2024\/02\/Comedor-princesa-tradicional.png",500,324,false],"2048x2048":["https:\/\/dencanta.jandatix.com\/wp-content\/uploads\/2024\/02\/Comedor-princesa-tradicional.png",500,324,false],"woocommerce_thumbnail":["https:\/\/dencanta.jandatix.com\/wp-content\/uploads\/2024\/02\/Comedor-princesa-tradicional-300x300.png",300,300,true],"woocommerce_single":["https:\/\/dencanta.jandatix.com\/wp-content\/uploads\/2024\/02\/Comedor-princesa-tradicional.png",500,324,false],"woocommerce_gallery_thumbnail":["https:\/\/dencanta.jandatix.com\/wp-content\/uploads\/2024\/02\/Comedor-princesa-tradicional-100x100.png",100,100,true],"dgwt-wcas-product-suggestion":["https:\/\/dencanta.jandatix.com\/wp-content\/uploads\/2024\/02\/Comedor-princesa-tradicional-64x41.png",64,41,true]},"uagb_author_info":{"display_name":"JennyMi","author_link":"https:\/\/dencanta.jandatix.com\/home\/author\/"},"uagb_comment_info":0,"uagb_excerpt":"Comedor 4 puestos, sillas hechas en cedro, tapizados, capitoneadas y base tradicional fabricada en pino y MDF, el vidrio tiene unas dimensiones de 120cm x 100cm x 10mm. Garantia: 3 a\u00f1os en cedro, 2 a\u00f1o la base, 1 a\u00f1o de costura \u00a0y espuma. AL COMPRAR TIENE LA OPCION POR SISTECREDITO\u00a0 Y BRILLA PROCESO DE COMPRA&hellip;","_links":{"self":[{"href":"https:\/\/dencanta.jandatix.com\/home\/wp-json\/wp\/v2\/product\/3508","targetHints":{"allow":["GET"]}}],"collection":[{"href":"https:\/\/dencanta.jandatix.com\/home\/wp-json\/wp\/v2\/product"}],"about":[{"href":"https:\/\/dencanta.jandatix.com\/home\/wp-json\/wp\/v2\/types\/product"}],"replies":[{"embeddable":true,"href":"https:\/\/dencanta.jandatix.com\/home\/wp-json\/wp\/v2\/comments?post=3508"}],"wp:featuredmedia":[{"embeddable":true,"href":"https:\/\/dencanta.jandatix.com\/home\/wp-json\/wp\/v2\/media\/3509"}],"wp:attachment":[{"href":"https:\/\/dencanta.jandatix.com\/home\/wp-json\/wp\/v2\/media?parent=3508"}],"wp:term":[{"taxonomy":"product_brand","embeddable":true,"href":"https:\/\/dencanta.jandatix.com\/home\/wp-json\/wp\/v2\/product_brand?post=3508"},{"taxonomy":"product_cat","embeddable":true,"href":"https:\/\/dencanta.jandatix.com\/home\/wp-json\/wp\/v2\/product_cat?post=3508"},{"taxonomy":"product_tag","embeddable":true,"href":"https:\/\/dencanta.jandatix.com\/home\/wp-json\/wp\/v2\/product_tag?post=3508"}],"curies":[{"name":"wp","href":"https:\/\/api.w.org\/{rel}","templated":true}]}}