{"id":3491,"date":"2024-02-26T11:26:30","date_gmt":"2024-02-26T16:26:30","guid":{"rendered":"https:\/\/dencanta.jandatix.com\/home\/?post_type=product&#038;p=3491"},"modified":"2024-06-28T12:19:45","modified_gmt":"2024-06-28T17:19:45","slug":"sala-miniconfort","status":"publish","type":"product","link":"https:\/\/dencanta.jandatix.com\/home\/producto\/sala-miniconfort\/","title":{"rendered":"Sala miniconfort"},"content":{"rendered":"<p>Sala modular consta de 1 sof\u00e1 de 2 puestos com 2 sillas auxiliares tipo huevo, 1 puf, 2 cojines y mesa de centro.<\/p>\n<p>Garantia: 2 a\u00f1os en madera, 1 a\u00f1o en costura y espuma.<\/p>\n<p>AL COMPRAR NUESTROS PRODUCTOS TIENE LA OPCION POR SISTECREDITO\u00a0 Y BRILLA PROCESO DE COMPRA 3226585049.<\/p>\n<p>SI DESEAS VISITAR PUNTO DE VENTA FISICO POR FAVOR ESCRIBIR AL WHATSAPP 3226585049.<\/p>\n","protected":false},"excerpt":{"rendered":"<p>Sala modular consta de 1 sof\u00e1 de 2 puestos com 2 sillas auxiliares tipo huevo, 1 puf, 2 cojines y mesa de centro. Garantia: 2 a\u00f1os en madera, 1 a\u00f1o en costura y espuma. AL COMPRAR NUESTROS PRODUCTOS TIENE LA OPCION POR SISTECREDITO\u00a0 Y BRILLA PROCESO DE COMPRA 3226585049. SI DESEAS VISITAR PUNTO DE VENTA &hellip;<\/p>\n<p class=\"read-more\"> <a class=\"\" href=\"https:\/\/dencanta.jandatix.com\/home\/producto\/sala-miniconfort\/\"> <span class=\"screen-reader-text\">Sala miniconfort<\/span> Leer m\u00e1s &raquo;<\/a><\/p>\n","protected":false},"featured_media":3492,"comment_status":"open","ping_status":"closed","template":"","meta":{"_uag_custom_page_level_css":"","site-sidebar-layout":"default","site-content-layout":"default","ast-global-header-display":"","ast-main-header-display":"","ast-hfb-above-header-display":"","ast-hfb-below-header-display":"","ast-hfb-mobile-header-display":"","site-post-title":"","ast-breadcrumbs-content":"","ast-featured-img":"","footer-sml-layout":"","theme-transparent-header-meta":"default","adv-header-id-meta":"","stick-header-meta":"","header-above-stick-meta":"","header-main-stick-meta":"","header-below-stick-meta":""},"product_brand":[],"product_cat":[33],"product_tag":[],"class_list":{"0":"post-3491","1":"product","2":"type-product","3":"status-publish","4":"has-post-thumbnail","6":"product_cat-juego-sala","7":"desktop-align-center","8":"tablet-align-left","9":"mobile-align-left","11":"first","12":"instock","13":"shipping-taxable","14":"purchasable","15":"product-type-simple"},"uagb_featured_image_src":{"full":["https:\/\/dencanta.jandatix.com\/wp-content\/uploads\/2024\/02\/Sala-miniconfort.png",495,319,false],"thumbnail":["https:\/\/dencanta.jandatix.com\/wp-content\/uploads\/2024\/02\/Sala-miniconfort-150x150.png",150,150,true],"medium":["https:\/\/dencanta.jandatix.com\/wp-content\/uploads\/2024\/02\/Sala-miniconfort-300x193.png",300,193,true],"medium_large":["https:\/\/dencanta.jandatix.com\/wp-content\/uploads\/2024\/02\/Sala-miniconfort.png",495,319,false],"large":["https:\/\/dencanta.jandatix.com\/wp-content\/uploads\/2024\/02\/Sala-miniconfort.png",495,319,false],"1536x1536":["https:\/\/dencanta.jandatix.com\/wp-content\/uploads\/2024\/02\/Sala-miniconfort.png",495,319,false],"2048x2048":["https:\/\/dencanta.jandatix.com\/wp-content\/uploads\/2024\/02\/Sala-miniconfort.png",495,319,false],"woocommerce_thumbnail":["https:\/\/dencanta.jandatix.com\/wp-content\/uploads\/2024\/02\/Sala-miniconfort-300x300.png",300,300,true],"woocommerce_single":["https:\/\/dencanta.jandatix.com\/wp-content\/uploads\/2024\/02\/Sala-miniconfort.png",495,319,false],"woocommerce_gallery_thumbnail":["https:\/\/dencanta.jandatix.com\/wp-content\/uploads\/2024\/02\/Sala-miniconfort-100x100.png",100,100,true],"dgwt-wcas-product-suggestion":["https:\/\/dencanta.jandatix.com\/wp-content\/uploads\/2024\/02\/Sala-miniconfort-64x41.png",64,41,true]},"uagb_author_info":{"display_name":"JennyMi","author_link":"https:\/\/dencanta.jandatix.com\/home\/author\/"},"uagb_comment_info":0,"uagb_excerpt":"Sala modular consta de 1 sof\u00e1 de 2 puestos com 2 sillas auxiliares tipo huevo, 1 puf, 2 cojines y mesa de centro. Garantia: 2 a\u00f1os en madera, 1 a\u00f1o en costura y espuma. AL COMPRAR NUESTROS PRODUCTOS TIENE LA OPCION POR SISTECREDITO\u00a0 Y BRILLA PROCESO DE COMPRA 3226585049. SI DESEAS VISITAR PUNTO DE VENTA&hellip;","_links":{"self":[{"href":"https:\/\/dencanta.jandatix.com\/home\/wp-json\/wp\/v2\/product\/3491","targetHints":{"allow":["GET"]}}],"collection":[{"href":"https:\/\/dencanta.jandatix.com\/home\/wp-json\/wp\/v2\/product"}],"about":[{"href":"https:\/\/dencanta.jandatix.com\/home\/wp-json\/wp\/v2\/types\/product"}],"replies":[{"embeddable":true,"href":"https:\/\/dencanta.jandatix.com\/home\/wp-json\/wp\/v2\/comments?post=3491"}],"wp:featuredmedia":[{"embeddable":true,"href":"https:\/\/dencanta.jandatix.com\/home\/wp-json\/wp\/v2\/media\/3492"}],"wp:attachment":[{"href":"https:\/\/dencanta.jandatix.com\/home\/wp-json\/wp\/v2\/media?parent=3491"}],"wp:term":[{"taxonomy":"product_brand","embeddable":true,"href":"https:\/\/dencanta.jandatix.com\/home\/wp-json\/wp\/v2\/product_brand?post=3491"},{"taxonomy":"product_cat","embeddable":true,"href":"https:\/\/dencanta.jandatix.com\/home\/wp-json\/wp\/v2\/product_cat?post=3491"},{"taxonomy":"product_tag","embeddable":true,"href":"https:\/\/dencanta.jandatix.com\/home\/wp-json\/wp\/v2\/product_tag?post=3491"}],"curies":[{"name":"wp","href":"https:\/\/api.w.org\/{rel}","templated":true}]}}