{"id":3437,"date":"2024-02-23T17:13:13","date_gmt":"2024-02-23T22:13:13","guid":{"rendered":"https:\/\/dencanta.jandatix.com\/home\/?post_type=product&#038;p=3437"},"modified":"2024-06-28T11:35:43","modified_gmt":"2024-06-28T16:35:43","slug":"cama-base-pc","status":"publish","type":"product","link":"https:\/\/dencanta.jandatix.com\/home\/producto\/cama-base-pc\/","title":{"rendered":"Cama base PC completa"},"content":{"rendered":"<p>Juego de Cama base entera con patas en madera + cabecero sencillo con botones + colchon ortop\u00e9dico doble pillow.<\/p>\n<p>Aplica para las medidas de 100, 120 y 140cm<\/p>\n<p>Garantia: 1 a\u00f1o en desajuste y polilla, 8 a\u00f1os en deformidad de la espuma.<\/p>\n<p>AL COMPRAR NUESTROS PRODUCTOS TIENE LA OPCION POR SISTECREDITO\u00a0 Y BRILLA PROCESO DE COMPRA 3226585049.<\/p>\n<p>SI DESEAS VISITAR PUNTO DE VENTA FISICO POR FAVOR ESCRIBIR AL WHATSAPP 3226585049.<\/p>\n","protected":false},"excerpt":{"rendered":"<p>Juego de Cama base entera con patas en madera + cabecero sencillo con botones + colchon ortop\u00e9dico doble pillow. Aplica para las medidas de 100, 120 y 140cm Garantia: 1 a\u00f1o en desajuste y polilla, 8 a\u00f1os en deformidad de la espuma. AL COMPRAR NUESTROS PRODUCTOS TIENE LA OPCION POR SISTECREDITO\u00a0 Y BRILLA PROCESO DE &hellip;<\/p>\n<p class=\"read-more\"> <a class=\"\" href=\"https:\/\/dencanta.jandatix.com\/home\/producto\/cama-base-pc\/\"> <span class=\"screen-reader-text\">Cama base PC completa<\/span> Leer m\u00e1s &raquo;<\/a><\/p>\n","protected":false},"featured_media":3438,"comment_status":"open","ping_status":"closed","template":"","meta":{"_uag_custom_page_level_css":"","site-sidebar-layout":"default","site-content-layout":"default","ast-global-header-display":"","ast-main-header-display":"","ast-hfb-above-header-display":"","ast-hfb-below-header-display":"","ast-hfb-mobile-header-display":"","site-post-title":"","ast-breadcrumbs-content":"","ast-featured-img":"","footer-sml-layout":"","theme-transparent-header-meta":"default","adv-header-id-meta":"","stick-header-meta":"","header-above-stick-meta":"","header-main-stick-meta":"","header-below-stick-meta":""},"product_brand":[],"product_cat":[67],"product_tag":[],"class_list":{"0":"post-3437","1":"product","2":"type-product","3":"status-publish","4":"has-post-thumbnail","6":"product_cat-cama-base","7":"desktop-align-center","8":"tablet-align-left","9":"mobile-align-left","11":"first","12":"instock","13":"shipping-taxable","14":"purchasable","15":"product-type-simple"},"uagb_featured_image_src":{"full":["https:\/\/dencanta.jandatix.com\/wp-content\/uploads\/2024\/02\/Ref-2024-40-Cama-base-Modular.png",497,302,false],"thumbnail":["https:\/\/dencanta.jandatix.com\/wp-content\/uploads\/2024\/02\/Ref-2024-40-Cama-base-Modular-150x150.png",150,150,true],"medium":["https:\/\/dencanta.jandatix.com\/wp-content\/uploads\/2024\/02\/Ref-2024-40-Cama-base-Modular-300x182.png",300,182,true],"medium_large":["https:\/\/dencanta.jandatix.com\/wp-content\/uploads\/2024\/02\/Ref-2024-40-Cama-base-Modular.png",497,302,false],"large":["https:\/\/dencanta.jandatix.com\/wp-content\/uploads\/2024\/02\/Ref-2024-40-Cama-base-Modular.png",497,302,false],"1536x1536":["https:\/\/dencanta.jandatix.com\/wp-content\/uploads\/2024\/02\/Ref-2024-40-Cama-base-Modular.png",497,302,false],"2048x2048":["https:\/\/dencanta.jandatix.com\/wp-content\/uploads\/2024\/02\/Ref-2024-40-Cama-base-Modular.png",497,302,false],"woocommerce_thumbnail":["https:\/\/dencanta.jandatix.com\/wp-content\/uploads\/2024\/02\/Ref-2024-40-Cama-base-Modular-300x300.png",300,300,true],"woocommerce_single":["https:\/\/dencanta.jandatix.com\/wp-content\/uploads\/2024\/02\/Ref-2024-40-Cama-base-Modular.png",497,302,false],"woocommerce_gallery_thumbnail":["https:\/\/dencanta.jandatix.com\/wp-content\/uploads\/2024\/02\/Ref-2024-40-Cama-base-Modular-100x100.png",100,100,true],"dgwt-wcas-product-suggestion":["https:\/\/dencanta.jandatix.com\/wp-content\/uploads\/2024\/02\/Ref-2024-40-Cama-base-Modular-64x39.png",64,39,true]},"uagb_author_info":{"display_name":"JennyMi","author_link":"https:\/\/dencanta.jandatix.com\/home\/author\/"},"uagb_comment_info":0,"uagb_excerpt":"Juego de Cama base entera con patas en madera + cabecero sencillo con botones + colchon ortop\u00e9dico doble pillow. Aplica para las medidas de 100, 120 y 140cm Garantia: 1 a\u00f1o en desajuste y polilla, 8 a\u00f1os en deformidad de la espuma. AL COMPRAR NUESTROS PRODUCTOS TIENE LA OPCION POR SISTECREDITO\u00a0 Y BRILLA PROCESO DE&hellip;","_links":{"self":[{"href":"https:\/\/dencanta.jandatix.com\/home\/wp-json\/wp\/v2\/product\/3437","targetHints":{"allow":["GET"]}}],"collection":[{"href":"https:\/\/dencanta.jandatix.com\/home\/wp-json\/wp\/v2\/product"}],"about":[{"href":"https:\/\/dencanta.jandatix.com\/home\/wp-json\/wp\/v2\/types\/product"}],"replies":[{"embeddable":true,"href":"https:\/\/dencanta.jandatix.com\/home\/wp-json\/wp\/v2\/comments?post=3437"}],"wp:featuredmedia":[{"embeddable":true,"href":"https:\/\/dencanta.jandatix.com\/home\/wp-json\/wp\/v2\/media\/3438"}],"wp:attachment":[{"href":"https:\/\/dencanta.jandatix.com\/home\/wp-json\/wp\/v2\/media?parent=3437"}],"wp:term":[{"taxonomy":"product_brand","embeddable":true,"href":"https:\/\/dencanta.jandatix.com\/home\/wp-json\/wp\/v2\/product_brand?post=3437"},{"taxonomy":"product_cat","embeddable":true,"href":"https:\/\/dencanta.jandatix.com\/home\/wp-json\/wp\/v2\/product_cat?post=3437"},{"taxonomy":"product_tag","embeddable":true,"href":"https:\/\/dencanta.jandatix.com\/home\/wp-json\/wp\/v2\/product_tag?post=3437"}],"curies":[{"name":"wp","href":"https:\/\/api.w.org\/{rel}","templated":true}]}}